{"id":7,"date":"2016-02-17T17:23:19","date_gmt":"2016-02-17T17:23:19","guid":{"rendered":"http:\/\/demowp.cththemes.net\/monolit\/?page_id=7"},"modified":"2018-01-22T17:43:51","modified_gmt":"2018-01-22T10:43:51","slug":"home-image","status":"publish","type":"page","link":"https:\/\/soidesign.vn\/","title":{"rendered":"Home"},"content":{"rendered":"<p>[vc_row full_width=&#8221;stretch_row&#8221; cth_layout=&#8221;monolit_fullheight_sec&#8221;][vc_column css=&#8221;.vc_custom_1455730804223{padding-right: 0px !important;padding-left: 0px !important;}&#8221;][monolit_home_image bgimg=&#8221;599&#8243;]<\/p>\n<h2>SOI Design<\/h2>\n<h3>Interior<\/h3>\n<p>[\/monolit_home_image][\/vc_column][\/vc_row][vc_row cth_layout=&#8221;monolit_page_sec&#8221; sec_number=&#8221;01&#8243; el_id=&#8221;sec1&#8243;][vc_column offset=&#8221;vc_col-md-4&#8243;][monolit_carousel_slider_multiimgs slideimages=&#8221;852,841,849,835&#8243;][\/vc_column][vc_column offset=&#8221;vc_col-md-8&#8243;][vc_column_text]<\/p>\n<h2 class=\"section-title\">Ch\u00fang t\u00f4i l\u00e0\u00a0<strong>SOI Design<\/strong><\/h2>\n<p class=\"no-rep\">Ch\u00fang t\u00f4i ki\u1ec3m so\u00e1t ch\u1eb7t ch\u1ebd m\u1ecdi kh\u00e2u t\u1eeb l\u00ean \u00fd t\u01b0\u1edfng, concept, tri\u1ec3n khai thi\u1ebft k\u1ebf v\u00e0 hi\u1ec7n th\u1ef1c h\u00f3a ni\u1ec1m mong \u0111\u1ee3i c\u1ee7a kh\u00e1ch h\u00e0ng. Nh\u1eefng thi\u1ebft k\u1ebf \u0111\u1ec1u \u0111\u00e1p \u1ee9ng ti\u00eau ch\u00ed v\u1ec1 th\u1ea9m m\u1ef9 v\u00e0 c\u00f4ng n\u0103ng s\u1eed d\u1ee5ng. Kh\u00e1ch h\u00e0ng lu\u00f4n l\u00e0 trung t\u00e2m v\u00e0 linh h\u1ed3n c\u1ee7a c\u00f4ng tr\u00ecnh, m\u1ee5c ti\u00eau v\u00e0 nhi\u1ec7m v\u1ee5 c\u1ee7a SOI Design l\u00e0 c\u00e2n b\u1eb1ng v\u00e0 di\u1ec5n t\u1ea3 \u0111\u01b0\u1ee3c c\u00e1c gi\u00e1 tr\u1ecb \u0111\u00f3 th\u00f4ng qua thi\u1ebft k\u1ebf.<\/p>\n<div class=\"process-box\">\n<h3>Quy tr\u00ecnh th\u1ef1c hi\u1ec7n c\u1ee7a SOI<\/h3>\n<ul class=\"creat-list\">\n<li><a href=\"#\">Kh\u1ea3o s\u00e1t hi\u1ec7n tr\u1ea1ng c\u00f4ng tr\u00ecnh v\u00e0 T\u01b0 v\u1ea5n kh\u00e1ch h\u00e0ng<\/a><\/li>\n<li><a href=\"#\">Trao \u0111\u1ed5i v\u1edbi kh\u00e1ch h\u00e0ng v\u00e0 l\u00ean \u00fd t\u01b0\u1edfng thi\u1ebft k\u1ebf<\/a><\/li>\n<li><a href=\"#\">Th\u1ef1c hi\u1ec7n b\u1ea3n v\u1ebd 3D th\u1ec3 hi\u1ec7n ph\u1ed1i c\u1ea3nh kh\u00f4ng gian<\/a><\/li>\n<li><a href=\"#\">Tri\u1ec3n khai\u00a0b\u1ea3n v\u1ebd k\u1ef9 thu\u1eadt, b\u00f3c h\u1ea1ng m\u1ee5c, l\u1eadp d\u1ef1 to\u00e1n<\/a><\/li>\n<li><a href=\"#\">L\u1eadp k\u1ebf ho\u1ea1ch v\u00e0 b\u1ea3ng ti\u1ebfn \u0111\u1ed9, th\u1ef1c hi\u1ec7n thi c\u00f4ng\u00a0l\u1eafp \u0111\u1eb7t<\/a><\/li>\n<li><a href=\"#\">Ho\u00e0n thi\u1ec7n thi c\u00f4ng, trang tr\u00ed n\u1ed9i th\u1ea5t, nghi\u1ec7m thu v\u00e0 b\u00e0n giao<\/a><\/li>\n<\/ul>\n<\/div>\n<div><span style=\"color: #000000;\"><a class=\"btn anim-button fl-l\" style=\"color: #000000;\" href=\"https:\/\/soidesign.vn\/portfolio-horizontal\/\" target=\"_blank\" rel=\"noopener noreferrer\"><span class=\"no-rep\">Xem c\u00e1c d\u1ef1 \u00e1n \u0111\u00e3 th\u1ef1c hi\u1ec7n<\/span><\/a><\/span><\/div>\n<p>[\/vc_column_text][\/vc_column][\/vc_row][vc_row cth_layout=&#8221;monolit_page_dark_sec&#8221; parallax_inner_op=&#8221;0.8&#8243; sec_number=&#8221;02&#8243; sec_number_pos=&#8221;left&#8221; parallax_inner=&#8221;841&#8243;][vc_column][vc_row_inner][vc_column_inner offset=&#8221;vc_col-md-4&#8243;][vc_column_text]<\/p>\n<h2 class=\"section-title\">Th\u1ed1ng k\u00ea\u00a0c\u1ee7a<strong> SOI<\/strong><\/h2>\n<p>[\/vc_column_text][\/vc_column_inner][vc_column_inner offset=&#8221;vc_col-md-8&#8243;][vc_column_text]<\/p>\n<p class=\"no-rep\">S\u1ef1 h\u00e0i l\u00f2ng v\u00e0 ghi nh\u1eadn c\u1ee7a kh\u00e1ch lu\u00f4n l\u00e0 \u0111\u1ed9ng l\u1ef1c l\u1edbn nh\u1ea5t \u0111\u1ec3 SOI Design n\u1ed7 l\u1ef1c m\u1ed7i ng\u00e0y. M\u1ed7i d\u1ef1 \u00e1n m\u1edbi v\u1eeba l\u00e0 m\u1ed9t th\u1eed th\u00e1ch v\u1eeba l\u00e0 ni\u1ec1m vui v\u1edbi ch\u00fang t\u00f4i.<\/p>\n<p>[\/vc_column_text][\/vc_column_inner][\/vc_row_inner][vc_row_inner][vc_column_inner offset=&#8221;vc_col-md-4&#8243;][\/vc_column_inner][vc_column_inner el_class=&#8221;inline-facts-holder row&#8221; offset=&#8221;vc_col-md-8&#8243;][cth_counter number=&#8221;68&#8243;]<\/p>\n<h6>D\u1ef1 \u00e1n ho\u00e0n th\u00e0nh<\/h6>\n<p>[\/cth_counter][cth_counter number=&#8221;92&#8243; parallax_value=&#8221;80&#8243;]<\/p>\n<h6>Kh\u00e1ch h\u00e0ng h\u00e0i l\u00f2ng<\/h6>\n<p>[\/cth_counter][cth_counter number=&#8221;895&#8243; parallax_value=&#8221;100&#8243;]<\/p>\n<h6>Gi\u1edd l\u00e0m vi\u1ec7c<\/h6>\n<p>[\/cth_counter][\/vc_column_inner][\/vc_row_inner][\/vc_column][\/vc_row][vc_row cth_layout=&#8221;monolit_page_sec&#8221; sec_number=&#8221;03&#8243;][vc_column][vc_column_text]M\u1ed9t s\u1ed1<strong> D\u1ef1 \u00e1n<\/strong>[\/vc_column_text][monolit_portfolios_parallax view_all_link=&#8221;https:\/\/soidesign.vn\/portfolio-horizontal\/&#8221; ids=&#8221;55,309,307,298,877&#8243;][\/vc_column][\/vc_row]<\/p>\n","protected":false},"excerpt":{"rendered":"<p>[vc_row full_width=&#8221;stretch_row&#8221; cth_layout=&#8221;monolit_fullheight_sec&#8221;][vc_column css=&#8221;.vc_custom_1455730804223{padding-right: 0px !important;padding-left: 0px !important;}&#8221;][monolit_home_image bgimg=&#8221;599&#8243;] SOI Design Interior [\/monolit_home_image][\/vc_column][\/vc_row][vc_row cth_layout=&#8221;monolit_page_sec&#8221; sec_number=&#8221;01&#8243; el_id=&#8221;sec1&#8243;][vc_column offset=&#8221;vc_col-md-4&#8243;][monolit_carousel_slider_multiimgs slideimages=&#8221;852,841,849,835&#8243;][\/vc_column][vc_column offset=&#8221;vc_col-md-8&#8243;][vc_column_text] Ch\u00fang t\u00f4i l\u00e0\u00a0SOI Design Ch\u00fang t\u00f4i ki\u1ec3m so\u00e1t ch\u1eb7t ch\u1ebd m\u1ecdi kh\u00e2u t\u1eeb l\u00ean \u00fd t\u01b0\u1edfng, concept, tri\u1ec3n khai thi\u1ebft k\u1ebf v\u00e0 hi\u1ec7n th\u1ef1c h\u00f3a ni\u1ec1m mong \u0111\u1ee3i c\u1ee7a kh\u00e1ch h\u00e0ng. Nh\u1eefng thi\u1ebft k\u1ebf \u0111\u1ec1u \u0111\u00e1p [&hellip;]<\/p>\n","protected":false},"author":1,"featured_media":0,"parent":0,"menu_order":0,"comment_status":"closed","ping_status":"closed","template":"homepage.php","meta":{"footnotes":""},"class_list":["post-7","page","type-page","status-publish","hentry"],"_links":{"self":[{"href":"https:\/\/soidesign.vn\/index.php?rest_route=\/wp\/v2\/pages\/7","targetHints":{"allow":["GET"]}}],"collection":[{"href":"https:\/\/soidesign.vn\/index.php?rest_route=\/wp\/v2\/pages"}],"about":[{"href":"https:\/\/soidesign.vn\/index.php?rest_route=\/wp\/v2\/types\/page"}],"author":[{"embeddable":true,"href":"https:\/\/soidesign.vn\/index.php?rest_route=\/wp\/v2\/users\/1"}],"replies":[{"embeddable":true,"href":"https:\/\/soidesign.vn\/index.php?rest_route=%2Fwp%2Fv2%2Fcomments&post=7"}],"version-history":[{"count":22,"href":"https:\/\/soidesign.vn\/index.php?rest_route=\/wp\/v2\/pages\/7\/revisions"}],"predecessor-version":[{"id":893,"href":"https:\/\/soidesign.vn\/index.php?rest_route=\/wp\/v2\/pages\/7\/revisions\/893"}],"wp:attachment":[{"href":"https:\/\/soidesign.vn\/index.php?rest_route=%2Fwp%2Fv2%2Fmedia&parent=7"}],"curies":[{"name":"wp","href":"https:\/\/api.w.org\/{rel}","templated":true}]}}